{"id":138,"date":"2017-01-24T20:04:28","date_gmt":"2017-01-24T20:04:28","guid":{"rendered":"https:\/\/demo-storage.com\/pm\/wp\/photty\/?page_id=138"},"modified":"2017-01-24T20:04:28","modified_gmt":"2017-01-24T20:04:28","slug":"photographer-brittany","status":"publish","type":"page","link":"https:\/\/szentendrefotoklub.hu\/index.php\/photographer-brittany\/","title":{"rendered":"Photographer Brittany"},"content":{"rendered":"<p>[vc_row full_width=&#8221;stretch_row_content_no_spaces&#8221; content_placement=&#8221;bottom&#8221; css=&#8221;.vc_custom_1485290104072{margin-top: -80px !important;background-image: url(https:\/\/demo-storage.com\/pm\/wp\/photty\/wp-content\/uploads\/2017\/01\/04.jpg?id=19) !important;background-position: center !important;background-repeat: no-repeat !important;background-size: cover !important;}&#8221; el_class=&#8221;photographer_header&#8221;][vc_column][vc_column_text css=&#8221;.vc_custom_1485290026291{margin-bottom: 30px !important;}&#8221;]<\/p>\n<h1><span style=\"color: #ffffff\">Brittany Bell<\/span><\/h1>\n<p><span style=\"color: #ffffff\">Portrait &amp; Lifestyle Photographer<\/span><br \/>\n<span style=\"color: #ffffff\"><a style=\"color: #ffffff\" href=\"https:\/\/demo-storage.com\/pm\/wp\/photty\/photographers\/\">go back<\/a><\/span>[\/vc_column_text][\/vc_column][\/vc_row][vc_row el_class=&#8221;photographer_info&#8221; css=&#8221;.vc_custom_1485289240863{padding-top: 21px !important;}&#8221;][vc_column width=&#8221;1\/4&#8243;][vc_column_text]<\/p>\n<h6>Clients<\/h6>\n<p>Arte TV x Doc en Stock<br \/>\nArte TV x Ex Nihilo<br \/>\nFrance T\u00e9l\u00e9visions<br \/>\nMus\u00e9um d\u2019Histoire Naturelle<br \/>\nLes Films d\u2019Ici 2[\/vc_column_text][\/vc_column][vc_column width=&#8221;1\/4&#8243;][vc_column_text]<\/p>\n<h6>Awards &amp; Recognitions<\/h6>\n<p>FWA Site of the Day<br \/>\nAwwwards Site of the Day<br \/>\nLovie Awards Gold Prize<br \/>\nSundance Institute Official Selection<br \/>\nTribeca Festival Storyscape Award[\/vc_column_text][\/vc_column][vc_column width=&#8221;1\/2&#8243;][vc_column_text]Lorem ipsum dolor sit amet, consectetur adipiscing elit. Sed quis augue enim. In eget fermentum massa, eu auctor est. Duis in imperdiet diam. Pellentesque laoreet nibh lorem, non fermentum erat vehicula vel. Cum sociis natoque penatibus et magnis dis parturient montes, nascetur ridiculus mus. Maecenas id tincidunt diam. Sed vitae neque sit amet urna lacinia vulputate. Donec imperdiet lacus nunc, eget facilisis nunc euismod pretium. Praesent convallis lorem ligula. Nullam dapibus tincidunt sem, nec tristique risus malesuad sed. Vivamus egestas metus a orci accumsan suscipit. Lorem ipsum dolor sit amet, consec adipiscing.[\/vc_column_text][\/vc_column][\/vc_row][vc_row el_class=&#8221;photographer_icons&#8221; css=&#8221;.vc_custom_1485289753210{padding-top: 18px !important;padding-bottom: 54px !important;}&#8221;][vc_column][vc_icon icon_fontawesome=&#8221;fa fa-facebook&#8221; color=&#8221;custom&#8221; background_style=&#8221;rounded-less&#8221; background_color=&#8221;custom&#8221; size=&#8221;xs&#8221; custom_color=&#8221;#ffffff&#8221; custom_background_color=&#8221;#3a589a&#8221; link=&#8221;url:%23|||&#8221;][vc_icon icon_fontawesome=&#8221;fa fa-twitter&#8221; color=&#8221;custom&#8221; background_style=&#8221;rounded-less&#8221; background_color=&#8221;custom&#8221; size=&#8221;xs&#8221; custom_color=&#8221;#ffffff&#8221; custom_background_color=&#8221;#50aaf1&#8243; link=&#8221;url:%23|||&#8221;][vc_icon icon_fontawesome=&#8221;fa fa-vk&#8221; color=&#8221;custom&#8221; background_style=&#8221;rounded-less&#8221; background_color=&#8221;custom&#8221; size=&#8221;xs&#8221; custom_color=&#8221;#ffffff&#8221; custom_background_color=&#8221;#587aa1&#8243; link=&#8221;url:%23|||&#8221;][vc_icon icon_fontawesome=&#8221;fa fa-google-plus&#8221; color=&#8221;custom&#8221; background_style=&#8221;rounded-less&#8221; background_color=&#8221;custom&#8221; size=&#8221;xs&#8221; custom_color=&#8221;#ffffff&#8221; custom_background_color=&#8221;#ec412c&#8221; link=&#8221;url:%23|||&#8221;][vc_icon icon_fontawesome=&#8221;fa fa-pinterest&#8221; color=&#8221;custom&#8221; background_style=&#8221;rounded-less&#8221; background_color=&#8221;custom&#8221; size=&#8221;xs&#8221; custom_color=&#8221;#ffffff&#8221; custom_background_color=&#8221;#cb1f20&#8243; link=&#8221;url:%23|||&#8221;][vc_icon icon_fontawesome=&#8221;fa fa-envelope&#8221; color=&#8221;custom&#8221; background_style=&#8221;rounded-less&#8221; background_color=&#8221;custom&#8221; size=&#8221;xs&#8221; custom_color=&#8221;#ffffff&#8221; custom_background_color=&#8221;#1764e2&#8243; link=&#8221;url:%23|||&#8221;][vc_icon icon_fontawesome=&#8221;fa fa-linkedin-square&#8221; color=&#8221;custom&#8221; background_style=&#8221;rounded-less&#8221; background_color=&#8221;custom&#8221; size=&#8221;xs&#8221; custom_color=&#8221;#ffffff&#8221; custom_background_color=&#8221;#0075b7&#8243; link=&#8221;url:%23|||&#8221;][vc_icon icon_fontawesome=&#8221;fa fa-reddit&#8221; color=&#8221;custom&#8221; background_style=&#8221;rounded-less&#8221; background_color=&#8221;custom&#8221; size=&#8221;xs&#8221; custom_color=&#8221;#ffffff&#8221; custom_background_color=&#8221;#ff5600&#8243; link=&#8221;url:%23|||&#8221;][vc_icon icon_fontawesome=&#8221;fa fa-tumblr-square&#8221; color=&#8221;custom&#8221; background_style=&#8221;rounded-less&#8221; background_color=&#8221;custom&#8221; size=&#8221;xs&#8221; custom_color=&#8221;#ffffff&#8221; custom_background_color=&#8221;#35455c&#8221; link=&#8221;url:%23|||&#8221;][\/vc_column][\/vc_row][vc_row full_width=&#8221;stretch_row_content_no_spaces&#8221; css=&#8221;.vc_custom_1486039585831{margin-bottom: 0px !important;}&#8221;][vc_column][pm_vc_grid images=&#8221;60,45,43,20,42,58,26,39,61,19,28,18,29,33,40,32,50,36&#8243; items_in_row=&#8221;3&#8243; items_per_load=&#8221;3&#8243; overlay_bg=&#8221;rgba(0,0,0,0.5)&#8221; items_padding=&#8221;30px&#8221; items_on_start=&#8221;9&#8243;][\/vc_column][\/vc_row]<\/p>\n","protected":false},"excerpt":{"rendered":"<p>[vc_row full_width=&#8221;stretch_row_content_no_spaces&#8221; content_placement=&#8221;bottom&#8221; css=&#8221;.vc_custom_1485290104072{margin-top: -80px !important;background-image: url(https:\/\/demo-storage.com\/pm\/wp\/photty\/wp-content\/uploads\/2017\/01\/04.jpg?id=19) !important;background-position: center !important;background-repeat: no-repeat !important;background-size: cover !important;}&#8221; el_class=&#8221;photographer_header&#8221;][vc_column][vc_column_text css=&#8221;.vc_custom_1485290026291{margin-bottom: 30px !important;}&#8221;] Brittany Bell Portrait &amp; Lifestyle Photographer go back[\/vc_column_text][\/vc_column][\/vc_row][vc_row el_class=&#8221;photographer_info&#8221; css=&#8221;.vc_custom_1485289240863{padding-top: 21px !important;}&#8221;][vc_column width=&#8221;1\/4&#8243;][vc_column_text] Clients Arte TV x Doc en Stock Arte TV x Ex Nihilo France T\u00e9l\u00e9visions Mus\u00e9um d\u2019Histoire Naturelle Les Films d\u2019Ici 2[\/vc_column_text][\/vc_column][vc_column width=&#8221;1\/4&#8243;][vc_column_text] Awards &amp; [&hellip;]<\/p>\n","protected":false},"author":1,"featured_media":0,"parent":0,"menu_order":0,"comment_status":"closed","ping_status":"closed","template":"","meta":{"footnotes":""},"class_list":["post-138","page","type-page","status-publish","hentry"],"_links":{"self":[{"href":"https:\/\/szentendrefotoklub.hu\/index.php\/wp-json\/wp\/v2\/pages\/138","targetHints":{"allow":["GET"]}}],"collection":[{"href":"https:\/\/szentendrefotoklub.hu\/index.php\/wp-json\/wp\/v2\/pages"}],"about":[{"href":"https:\/\/szentendrefotoklub.hu\/index.php\/wp-json\/wp\/v2\/types\/page"}],"author":[{"embeddable":true,"href":"https:\/\/szentendrefotoklub.hu\/index.php\/wp-json\/wp\/v2\/users\/1"}],"replies":[{"embeddable":true,"href":"https:\/\/szentendrefotoklub.hu\/index.php\/wp-json\/wp\/v2\/comments?post=138"}],"version-history":[{"count":0,"href":"https:\/\/szentendrefotoklub.hu\/index.php\/wp-json\/wp\/v2\/pages\/138\/revisions"}],"wp:attachment":[{"href":"https:\/\/szentendrefotoklub.hu\/index.php\/wp-json\/wp\/v2\/media?parent=138"}],"curies":[{"name":"wp","href":"https:\/\/api.w.org\/{rel}","templated":true}]}}