{"id":269,"date":"2017-01-26T18:50:28","date_gmt":"2017-01-26T18:50:28","guid":{"rendered":"https:\/\/demo-storage.com\/pm\/wp\/photty\/?page_id=269"},"modified":"2024-09-08T11:16:23","modified_gmt":"2024-09-08T09:16:23","slug":"blog-grid","status":"publish","type":"page","link":"https:\/\/szentendrefotoklub.hu\/index.php\/blog-grid\/","title":{"rendered":"Blog csemp\u00e9k"},"content":{"rendered":"<p>[vc_row full_width=&#8221;stretch_row_content_no_spaces&#8221; css=&#8221;.vc_custom_1486107682544{margin-bottom: 0px !important;}&#8221;][vc_column][pm_vc_blog_grid button_title=&#8221;T\u00f6bb bet\u00f6lt\u00e9se&#8221;][\/vc_column][\/vc_row]<\/p>\n","protected":false},"excerpt":{"rendered":"<p>[vc_row full_width=&#8221;stretch_row_content_no_spaces&#8221; css=&#8221;.vc_custom_1486107682544{margin-bottom: 0px !important;}&#8221;][vc_column][pm_vc_blog_grid button_title=&#8221;T\u00f6bb bet\u00f6lt\u00e9se&#8221;][\/vc_column][\/vc_row]<\/p>\n","protected":false},"author":1,"featured_media":0,"parent":0,"menu_order":0,"comment_status":"closed","ping_status":"closed","template":"","meta":{"footnotes":""},"class_list":["post-269","page","type-page","status-publish","hentry"],"_links":{"self":[{"href":"https:\/\/szentendrefotoklub.hu\/index.php\/wp-json\/wp\/v2\/pages\/269","targetHints":{"allow":["GET"]}}],"collection":[{"href":"https:\/\/szentendrefotoklub.hu\/index.php\/wp-json\/wp\/v2\/pages"}],"about":[{"href":"https:\/\/szentendrefotoklub.hu\/index.php\/wp-json\/wp\/v2\/types\/page"}],"author":[{"embeddable":true,"href":"https:\/\/szentendrefotoklub.hu\/index.php\/wp-json\/wp\/v2\/users\/1"}],"replies":[{"embeddable":true,"href":"https:\/\/szentendrefotoklub.hu\/index.php\/wp-json\/wp\/v2\/comments?post=269"}],"version-history":[{"count":3,"href":"https:\/\/szentendrefotoklub.hu\/index.php\/wp-json\/wp\/v2\/pages\/269\/revisions"}],"predecessor-version":[{"id":2189,"href":"https:\/\/szentendrefotoklub.hu\/index.php\/wp-json\/wp\/v2\/pages\/269\/revisions\/2189"}],"wp:attachment":[{"href":"https:\/\/szentendrefotoklub.hu\/index.php\/wp-json\/wp\/v2\/media?parent=269"}],"curies":[{"name":"wp","href":"https:\/\/api.w.org\/{rel}","templated":true}]}}